{"id":1578,"date":"2024-01-22T20:31:49","date_gmt":"2024-01-22T19:31:49","guid":{"rendered":"https:\/\/cgeitalie.com\/?page_id=1578"},"modified":"2024-02-04T22:26:09","modified_gmt":"2024-02-04T21:26:09","slug":"les-associations","status":"publish","type":"page","link":"https:\/\/cgeitalie.com\/it\/les-associations\/","title":{"rendered":"Les Associations"},"content":{"rendered":"<div data-elementor-type=\"wp-page\" data-elementor-id=\"1578\" class=\"elementor elementor-1578\">\n\t\t\t\t<div class=\"elementor-element elementor-element-6dfc692 e-flex e-con-boxed e-con e-parent\" data-id=\"6dfc692\" data-element_type=\"container\" data-e-type=\"container\">\n\t\t\t\t\t<div class=\"e-con-inner\">\n\t\t\t\t<div class=\"elementor-element elementor-element-eb21ecc elementor-widget__width-inherit elementor-widget elementor-widget-heading\" data-id=\"eb21ecc\" data-element_type=\"widget\" data-e-type=\"widget\" data-widget_type=\"heading.default\">\n\t\t\t\t<div class=\"elementor-widget-container\">\n\t\t\t\t\t<h1 class=\"elementor-heading-title elementor-size-default\"><b><span style=\"font-size: 16px\"> Les Associations Guin\u00e9ennes Reconnues par l'Ambassade \u00e0 Rome<\/span><\/b><\/h1>\t\t\t\t<\/div>\n\t\t\t\t<\/div>\n\t\t\t\t\t<\/div>\n\t\t\t\t<\/div>\n\t\t<div class=\"elementor-element elementor-element-db0e1d6 e-flex e-con-boxed e-con e-parent\" data-id=\"db0e1d6\" data-element_type=\"container\" data-e-type=\"container\">\n\t\t\t\t\t<div class=\"e-con-inner\">\n\t\t\t\t<div class=\"elementor-element elementor-element-4a291d6 elementor-widget elementor-widget-spacer\" data-id=\"4a291d6\" data-element_type=\"widget\" data-e-type=\"widget\" data-widget_type=\"spacer.default\">\n\t\t\t\t<div class=\"elementor-widget-container\">\n\t\t\t\t\t\t\t<div class=\"elementor-spacer\">\n\t\t\t<div class=\"elementor-spacer-inner\"><\/div>\n\t\t<\/div>\n\t\t\t\t\t\t<\/div>\n\t\t\t\t<\/div>\n\t\t\t\t\t<\/div>\n\t\t\t\t<\/div>\n\t\t<div class=\"elementor-element elementor-element-91503f3 e-flex e-con-boxed e-con e-parent\" data-id=\"91503f3\" data-element_type=\"container\" data-e-type=\"container\">\n\t\t\t\t\t<div class=\"e-con-inner\">\n\t\t\t\t<div class=\"elementor-element elementor-element-692fec0 elementor-widget elementor-widget-text-editor\" data-id=\"692fec0\" data-element_type=\"widget\" data-e-type=\"widget\" data-widget_type=\"text-editor.default\">\n\t\t\t\t<div class=\"elementor-widget-container\">\n\t\t\t\t\t\t\t\t\t<p>Dans la juridiction de Rome, plusieurs associations jouissent d&rsquo;une reconnaissance officielle de l&rsquo;ambassade. Ces entit\u00e9s, d\u00e9di\u00e9es \u00e0 promouvoir la coop\u00e9ration et la solidarit\u00e9 au sein de la communaut\u00e9 guin\u00e9enne en Italie, sont essentielles pour le tissu social et culturel. Voici quelques-unes de ces associations, avec leurs repr\u00e9sentants respectifs :<\/p>\t\t\t\t\t\t\t\t<\/div>\n\t\t\t\t<\/div>\n\t\t\t\t\t<\/div>\n\t\t\t\t<\/div>\n\t\t<div class=\"elementor-element elementor-element-e4c8dee e-flex e-con-boxed e-con e-parent\" data-id=\"e4c8dee\" data-element_type=\"container\" data-e-type=\"container\">\n\t\t\t\t\t<div class=\"e-con-inner\">\n\t\t\t\t<div class=\"elementor-element elementor-element-e4baaaf elementor-widget elementor-widget-text-editor\" data-id=\"e4baaaf\" data-element_type=\"widget\" data-e-type=\"widget\" data-widget_type=\"text-editor.default\">\n\t\t\t\t<div class=\"elementor-widget-container\">\n\t\t\t\t\t\t\t\t\t<ol><li><p><strong>Fondation Guin\u00e9enne d&rsquo;Italie (FGI)<\/strong><\/p><ul><li>Repr\u00e9sentants : Bah Ahmadou, Mamadou Cellou Porthos Diallo<\/li><\/ul><\/li><li><p><strong>Union des Immigr\u00e9s de Guin\u00e9e de Rome (UIGR)<\/strong><\/p><ul><li>Repr\u00e9sentants : Mamadou Dian Diallo, Abdoulaye Sow<\/li><\/ul><\/li><li><p><strong>Unione Immigrati della Guinea APSBrescia (UIGB)<\/strong><\/p><ul><li>Repr\u00e9sentant : Souleymane Diallo<\/li><\/ul><\/li><li><p><strong>Association des Ressortissants Guin\u00e9ens \u00e0 V\u00e9rone<\/strong><\/p><ul><li>Repr\u00e9sentants : Elhadj Safaou Diallo, Amadou Toure<\/li><\/ul><\/li><li><p><strong>Association des Guin\u00e9ens de Napoli<\/strong><\/p><ul><li>Repr\u00e9sentant : Elhadj Ibrahima Cisse<\/li><\/ul><\/li><li><p><strong>Association Guin\u00e9enne et Amis de la Guin\u00e9e<\/strong><\/p><ul><li>Repr\u00e9sentant : Mamadou Sadio Diallo<\/li><\/ul><\/li><li><p><strong>Associazione Guinea di Lombardia Nimba<\/strong><\/p><ul><li>Repr\u00e9sentant : Amara Bangoura<\/li><\/ul><\/li><li><p><strong>Association Manding Integration<\/strong><\/p><ul><li>Repr\u00e9sentant : Mamadou Oulare<\/li><\/ul><\/li><li><p><strong>Association des Guin\u00e9ens de Bologne<\/strong><\/p><ul><li>Repr\u00e9sentant : Michel Bangoura<\/li><\/ul><\/li><li><p><strong>Association Feedde Bhantal Fouta Djallo Italia<\/strong><\/p><ul><li>Repr\u00e9sentant : Amadou Saikou Barry<\/li><\/ul><\/li><li><p><strong>Union des Ressortissants Guin\u00e9ens en Gr\u00e8ce<\/strong><\/p><ul><li>Repr\u00e9sentant : Ibrahima Capi Diallo<\/li><\/ul><\/li><li><p><strong>Association Nakiri ONLUS<\/strong><\/p><ul><li>Repr\u00e9sentante : Hawa Camara<\/li><\/ul><\/li><\/ol><p>Ces associations, par le biais de leurs actions et initiatives, contribuent activement \u00e0 renforcer les liens communautaires et \u00e0 soutenir les Guin\u00e9ens r\u00e9sidant en Italie. La diversit\u00e9 de leurs engagements refl\u00e8te la richesse de la diaspora guin\u00e9enne et sa volont\u00e9 de s&rsquo;\u00e9panouir au sein de la soci\u00e9t\u00e9 italienne.<\/p>\t\t\t\t\t\t\t\t<\/div>\n\t\t\t\t<\/div>\n\t\t\t\t\t<\/div>\n\t\t\t\t<\/div>\n\t\t<div class=\"elementor-element elementor-element-f180691 e-flex e-con-boxed e-con e-parent\" data-id=\"f180691\" data-element_type=\"container\" data-e-type=\"container\">\n\t\t\t\t\t<div class=\"e-con-inner\">\n\t\t\t\t<div class=\"elementor-element elementor-element-a0c2322 elementor-widget-divider--view-line elementor-widget elementor-widget-divider\" data-id=\"a0c2322\" data-element_type=\"widget\" data-e-type=\"widget\" data-widget_type=\"divider.default\">\n\t\t\t\t<div class=\"elementor-widget-container\">\n\t\t\t\t\t\t\t<div class=\"elementor-divider\">\n\t\t\t<span class=\"elementor-divider-separator\">\n\t\t\t\t\t\t<\/span>\n\t\t<\/div>\n\t\t\t\t\t\t<\/div>\n\t\t\t\t<\/div>\n\t\t\t\t\t<\/div>\n\t\t\t\t<\/div>\n\t\t<div class=\"elementor-element elementor-element-2ee2972 e-flex e-con-boxed e-con e-parent\" data-id=\"2ee2972\" data-element_type=\"container\" data-e-type=\"container\">\n\t\t\t\t\t<div class=\"e-con-inner\">\n\t\t\t\t<div class=\"elementor-element elementor-element-90d9ffc elementor-widget elementor-widget-video\" data-id=\"90d9ffc\" data-element_type=\"widget\" data-e-type=\"widget\" data-settings=\"{&quot;youtube_url&quot;:&quot;https:\\\/\\\/www.youtube.com\\\/watch?v=3qUzdxpmOeY&amp;t=72s&quot;,&quot;autoplay&quot;:&quot;yes&quot;,&quot;play_on_mobile&quot;:&quot;yes&quot;,&quot;loop&quot;:&quot;yes&quot;,&quot;video_type&quot;:&quot;youtube&quot;,&quot;controls&quot;:&quot;yes&quot;}\" data-widget_type=\"video.default\">\n\t\t\t\t<div class=\"elementor-widget-container\">\n\t\t\t\t\t\t\t<div class=\"elementor-wrapper elementor-open-inline\">\n\t\t\t<div class=\"elementor-video\"><\/div>\t\t<\/div>\n\t\t\t\t\t\t<\/div>\n\t\t\t\t<\/div>\n\t\t\t\t\t<\/div>\n\t\t\t\t<\/div>\n\t\t\t\t<\/div>","protected":false},"excerpt":{"rendered":"<p>Les Associations Guin\u00e9ennes Reconnues par l&rsquo;Ambassade \u00e0 Rome Dans la juridiction de Rome, plusieurs associations jouissent d&rsquo;une reconnaissance officielle de l&rsquo;ambassade. Ces entit\u00e9s, d\u00e9di\u00e9es \u00e0 promouvoir la coop\u00e9ration et la solidarit\u00e9 au sein de la communaut\u00e9 guin\u00e9enne en Italie, sont essentielles pour le tissu social et culturel. Voici quelques-unes de ces associations, avec leurs repr\u00e9sentants [&hellip;]<\/p>\n","protected":false},"author":1,"featured_media":1469,"parent":0,"menu_order":0,"comment_status":"closed","ping_status":"closed","template":"","meta":{"content-type":"","om_disable_all_campaigns":false,"_uf_show_specific_survey":0,"_uf_disable_surveys":false,"footnotes":""},"class_list":["post-1578","page","type-page","status-publish","has-post-thumbnail","hentry"],"blocksy_meta":[],"aioseo_notices":[],"_links":{"self":[{"href":"https:\/\/cgeitalie.com\/it\/wp-json\/wp\/v2\/pages\/1578","targetHints":{"allow":["GET"]}}],"collection":[{"href":"https:\/\/cgeitalie.com\/it\/wp-json\/wp\/v2\/pages"}],"about":[{"href":"https:\/\/cgeitalie.com\/it\/wp-json\/wp\/v2\/types\/page"}],"author":[{"embeddable":true,"href":"https:\/\/cgeitalie.com\/it\/wp-json\/wp\/v2\/users\/1"}],"replies":[{"embeddable":true,"href":"https:\/\/cgeitalie.com\/it\/wp-json\/wp\/v2\/comments?post=1578"}],"version-history":[{"count":22,"href":"https:\/\/cgeitalie.com\/it\/wp-json\/wp\/v2\/pages\/1578\/revisions"}],"predecessor-version":[{"id":1800,"href":"https:\/\/cgeitalie.com\/it\/wp-json\/wp\/v2\/pages\/1578\/revisions\/1800"}],"wp:featuredmedia":[{"embeddable":true,"href":"https:\/\/cgeitalie.com\/it\/wp-json\/wp\/v2\/media\/1469"}],"wp:attachment":[{"href":"https:\/\/cgeitalie.com\/it\/wp-json\/wp\/v2\/media?parent=1578"}],"curies":[{"name":"wp","href":"https:\/\/api.w.org\/{rel}","templated":true}]}}