{"id":1580,"date":"2024-01-22T20:32:24","date_gmt":"2024-01-22T19:32:24","guid":{"rendered":"https:\/\/cgeitalie.com\/?page_id=1580"},"modified":"2024-01-29T00:00:10","modified_gmt":"2024-01-28T23:00:10","slug":"services","status":"publish","type":"page","link":"https:\/\/cgeitalie.com\/it\/services\/","title":{"rendered":"Services"},"content":{"rendered":"\t\t<div data-elementor-type=\"wp-page\" data-elementor-id=\"1580\" class=\"elementor elementor-1580\">\n\t\t\t\t<div class=\"elementor-element elementor-element-14b64f5 e-flex e-con-boxed e-con e-parent\" data-id=\"14b64f5\" data-element_type=\"container\" data-e-type=\"container\">\n\t\t\t\t\t<div class=\"e-con-inner\">\n\t\t\t\t<div class=\"elementor-element elementor-element-c087bad elementor-widget elementor-widget-html\" data-id=\"c087bad\" data-element_type=\"widget\" data-e-type=\"widget\" data-widget_type=\"html.default\">\n\t\t\t\t<div class=\"elementor-widget-container\">\n\t\t\t\t\t<html>\r\n<head>\r\n    <title>CGE-italy : Conseil des Guin\u00e9ens de l\u2019Etranger<\/title>\r\n<\/head>\r\n<body>\r\n    <h1>CGE-italy : Conseil des Guin\u00e9ens de l\u2019Etranger<\/h1>\r\n    <p>Le Conseil des Guin\u00e9ens de l\u2019Etranger (CGE-italy) est un organe consultatif, de statut associatif, non- partisan, non discriminatoire et \u00e0 but non lucratif.<\/p>\r\n    <p>Il a \u00e9t\u00e9 cr\u00e9\u00e9 le Samedi 28 Avril 2018 \u00e0 Rome sous la haute autorit\u00e9 de Son Excellence Mr Cherif Diallo, ambassadeur pl\u00e9nipotentiaire de la Guin\u00e9e dans la juridiction de Rome.<\/p>\r\n    <h2>Objectifs<\/h2>\r\n    <ul>\r\n        <li>\u00c9tablir une relation de confiance entre guin\u00e9ens de l\u2019\u00e9tranger d\u2019une part et l\u2019\u00c9tat Guin\u00e9en d\u2019autre part pour une meilleure gestion de la diaspora.<\/li>\r\n        <li>Promouvoir et diffuser un environnement juridique favorable aux investissements des guin\u00e9ens de l\u2019\u00e9tranger.<\/li>\r\n        <li>Promouvoir la coop\u00e9ration non gouvernementale (co-d\u00e9veloppement, coop\u00e9ration d\u00e9centralis\u00e9e, mouvements associatifs, migration et d\u00e9veloppement, etc.)<\/li>\r\n        <li>Encourager l\u2019investissement productif de la diaspora via les transferts de fonds.<\/li>\r\n        <li>Contribuer \u00e0 la prise en compte des apports positifs de la migration dans les politiques nationales.<\/li>\r\n        <li>Repr\u00e9senter les Guin\u00e9ens dans la juridiction de Rome aupr\u00e8s des instances et des institutions Guin\u00e9ennes et europ\u00e9ennes.<\/li>\r\n        <li>Prot\u00e9ger et d\u00e9fendre les int\u00e9r\u00eats mat\u00e9riels et moraux des Guin\u00e9ens de la juridiction de Rome.<\/li>\r\n        <li>Rassembler tous les ressortissants Guin\u00e9ens r\u00e9sidant dans la juridiction de Rome sans distinction d\u2019origine r\u00e9gionale, ethnique, religieuse, sociale, de sexe et de profession.<\/li>\r\n        <li>Promouvoir l\u2019union et la solidarit\u00e9 entre les Guin\u00e9ens de la juridiction de Rome.<\/li>\r\n        <li>Porter l\u2019assistance aux Guin\u00e9ens de la juridiction de Rome. Susciter leur contribution au d\u00e9veloppement \u00e9conomique.<\/li>\r\n    <\/ul>\r\n    <p>Pour en savoir plus sur notre association ou nous contacter, vous pouvez ...<\/p>\r\n<\/body>\r\n<\/html>\r\n\t\t\t\t<\/div>\n\t\t\t\t<\/div>\n\t\t\t\t\t<\/div>\n\t\t\t\t<\/div>\n\t\t<div class=\"elementor-element elementor-element-492052f e-flex e-con-boxed e-con e-parent\" data-id=\"492052f\" data-element_type=\"container\" data-e-type=\"container\">\n\t\t\t\t\t<div class=\"e-con-inner\">\n\t\t\t\t<div class=\"elementor-element elementor-element-e280d84 elementor-widget elementor-widget-html\" data-id=\"e280d84\" data-element_type=\"widget\" data-e-type=\"widget\" data-widget_type=\"html.default\">\n\t\t\t\t<div class=\"elementor-widget-container\">\n\t\t\t\t\t<div class=\"wpforms-container \" id=\"wpforms-1733\"><form id=\"wpforms-form-1733\" class=\"wpforms-validate wpforms-form wpforms-ajax-form\" data-formid=\"1733\" method=\"post\" enctype=\"multipart\/form-data\" action=\"\/it\/wp-json\/wp\/v2\/pages\/1580\" data-token=\"1b7c4cd08afaa76b1f7a90fb9137e8b8\" data-token-time=\"1778087682\"><noscript class=\"wpforms-error-noscript\">Abilita JavaScript nel browser per completare questo modulo.<\/noscript><div class=\"wpforms-field-container\"><div id=\"wpforms-1733-field_0-container\" class=\"wpforms-field wpforms-field-name\" data-field-id=\"0\"><label class=\"wpforms-field-label\">Nom <span class=\"wpforms-required-label\">*<\/span><\/label><div class=\"wpforms-field-row wpforms-field-medium\"><div class=\"wpforms-field-row-block wpforms-first wpforms-one-half\"><input type=\"text\" id=\"wpforms-1733-field_0\" class=\"wpforms-field-name-first wpforms-field-required\" name=\"wpforms[fields][0][first]\" required><label for=\"wpforms-1733-field_0\" class=\"wpforms-field-sublabel after\">Nome<\/label><\/div><div class=\"wpforms-field-row-block wpforms-one-half\"><input type=\"text\" id=\"wpforms-1733-field_0-last\" class=\"wpforms-field-name-last wpforms-field-required\" name=\"wpforms[fields][0][last]\" required><label for=\"wpforms-1733-field_0-last\" class=\"wpforms-field-sublabel after\">Cognome<\/label><\/div><\/div><\/div><div id=\"wpforms-1733-field_1-container\" class=\"wpforms-field wpforms-field-email\" data-field-id=\"1\"><label class=\"wpforms-field-label\" for=\"wpforms-1733-field_1\">E-mail <span class=\"wpforms-required-label\">*<\/span><\/label><input type=\"email\" id=\"wpforms-1733-field_1\" class=\"wpforms-field-medium wpforms-field-required\" name=\"wpforms[fields][1]\" spellcheck=\"false\" required><\/div><div id=\"wpforms-1733-field_3-container\" class=\"wpforms-field wpforms-field-number\" data-field-id=\"3\"><label class=\"wpforms-field-label\" for=\"wpforms-1733-field_3\">Votre Numero de Telephone <span class=\"wpforms-required-label\">*<\/span><\/label><input type=\"number\" id=\"wpforms-1733-field_3\" class=\"wpforms-field-medium wpforms-field-required\" name=\"wpforms[fields][3]\" step=\"any\" required><\/div><div id=\"wpforms-1733-field_2-container\" class=\"wpforms-field wpforms-field-textarea\" data-field-id=\"2\"><label class=\"wpforms-field-label\" for=\"wpforms-1733-field_2\">Commentaire ou message<\/label><textarea id=\"wpforms-1733-field_2\" class=\"wpforms-field-medium\" name=\"wpforms[fields][2]\" ><\/textarea><\/div><\/div><!-- .wpforms-field-container --><div class=\"wpforms-submit-container\" ><input type=\"hidden\" name=\"wpforms[id]\" value=\"1733\"><input type=\"hidden\" name=\"page_title\" value=\"\"><input type=\"hidden\" name=\"page_url\" value=\"https:\/\/cgeitalie.com\/it\/wp-json\/wp\/v2\/pages\/1580\"><input type=\"hidden\" name=\"url_referer\" value=\"\"><button type=\"submit\" name=\"wpforms[submit]\" id=\"wpforms-submit-1733\" class=\"wpforms-submit\" data-alt-text=\"Envoi...\" data-submit-text=\"Envoyer\" aria-live=\"assertive\" value=\"wpforms-submit\">Envoyer<\/button><img decoding=\"async\" src=\"https:\/\/cgeitalie.com\/wp-content\/plugins\/wpforms-lite\/assets\/images\/submit-spin.svg\" class=\"wpforms-submit-spinner\" style=\"display: none;\" width=\"26\" height=\"26\" alt=\"Caricamento\"><\/div><\/form><\/div>  <!-- .wpforms-container -->\t\t\t\t<\/div>\n\t\t\t\t<\/div>\n\t\t\t\t\t<\/div>\n\t\t\t\t<\/div>\n\t\t\t\t<\/div>\n\t\t","protected":false},"excerpt":{"rendered":"<p>CGE-italy : Conseil des Guin\u00e9ens de l\u2019Etranger CGE-italy : Conseil des Guin\u00e9ens de l\u2019Etranger Le Conseil des Guin\u00e9ens de l\u2019Etranger (CGE-italy) est un organe consultatif, de statut associatif, non- partisan, non discriminatoire et \u00e0 but non lucratif. Il a \u00e9t\u00e9 cr\u00e9\u00e9 le Samedi 28 Avril 2018 \u00e0 Rome sous la haute autorit\u00e9 de Son Excellence [&hellip;]<\/p>\n","protected":false},"author":1,"featured_media":0,"parent":0,"menu_order":0,"comment_status":"closed","ping_status":"closed","template":"","meta":{"content-type":"","om_disable_all_campaigns":false,"_uf_show_specific_survey":0,"_uf_disable_surveys":false,"footnotes":""},"class_list":["post-1580","page","type-page","status-publish","hentry"],"blocksy_meta":[],"aioseo_notices":[],"_links":{"self":[{"href":"https:\/\/cgeitalie.com\/it\/wp-json\/wp\/v2\/pages\/1580","targetHints":{"allow":["GET"]}}],"collection":[{"href":"https:\/\/cgeitalie.com\/it\/wp-json\/wp\/v2\/pages"}],"about":[{"href":"https:\/\/cgeitalie.com\/it\/wp-json\/wp\/v2\/types\/page"}],"author":[{"embeddable":true,"href":"https:\/\/cgeitalie.com\/it\/wp-json\/wp\/v2\/users\/1"}],"replies":[{"embeddable":true,"href":"https:\/\/cgeitalie.com\/it\/wp-json\/wp\/v2\/comments?post=1580"}],"version-history":[{"count":10,"href":"https:\/\/cgeitalie.com\/it\/wp-json\/wp\/v2\/pages\/1580\/revisions"}],"predecessor-version":[{"id":1746,"href":"https:\/\/cgeitalie.com\/it\/wp-json\/wp\/v2\/pages\/1580\/revisions\/1746"}],"wp:attachment":[{"href":"https:\/\/cgeitalie.com\/it\/wp-json\/wp\/v2\/media?parent=1580"}],"curies":[{"name":"wp","href":"https:\/\/api.w.org\/{rel}","templated":true}]}}