{"id":1582,"date":"2024-01-22T20:33:08","date_gmt":"2024-01-22T19:33:08","guid":{"rendered":"https:\/\/cgeitalie.com\/?page_id=1582"},"modified":"2024-02-04T22:23:54","modified_gmt":"2024-02-04T21:23:54","slug":"nous-contactz","status":"publish","type":"page","link":"https:\/\/cgeitalie.com\/it\/nous-contactz\/","title":{"rendered":"Nous Contactz"},"content":{"rendered":"\t\t<div data-elementor-type=\"wp-page\" data-elementor-id=\"1582\" class=\"elementor elementor-1582\">\n\t\t\t\t<div class=\"elementor-element elementor-element-6f87fdc e-flex e-con-boxed e-con e-parent\" data-id=\"6f87fdc\" data-element_type=\"container\" data-e-type=\"container\">\n\t\t\t\t\t<div class=\"e-con-inner\">\n\t\t\t\t<div class=\"elementor-element elementor-element-44a2aa2 elementor-widget elementor-widget-image\" data-id=\"44a2aa2\" data-element_type=\"widget\" data-e-type=\"widget\" data-widget_type=\"image.default\">\n\t\t\t\t<div class=\"elementor-widget-container\">\n\t\t\t\t\t\t\t\t\t\t\t\t\t\t\t<img fetchpriority=\"high\" decoding=\"async\" width=\"500\" height=\"500\" src=\"https:\/\/cgeitalie.com\/wp-content\/uploads\/2024\/01\/CGEITALIE.png\" class=\"attachment-large size-large wp-image-1088\" alt=\"Conseil Des Guineens Des L\u2019etranger Cge_italie\" srcset=\"https:\/\/cgeitalie.com\/wp-content\/uploads\/2024\/01\/CGEITALIE.png 500w, https:\/\/cgeitalie.com\/wp-content\/uploads\/2024\/01\/CGEITALIE-300x300.png 300w, https:\/\/cgeitalie.com\/wp-content\/uploads\/2024\/01\/CGEITALIE-150x150.png 150w, https:\/\/cgeitalie.com\/wp-content\/uploads\/2024\/01\/CGEITALIE-126x126.png 126w\" sizes=\"(max-width: 500px) 100vw, 500px\" \/>\t\t\t\t\t\t\t\t\t\t\t\t\t\t\t<\/div>\n\t\t\t\t<\/div>\n\t\t\t\t\t<\/div>\n\t\t\t\t<\/div>\n\t\t<div class=\"elementor-element elementor-element-dc1295c e-flex e-con-boxed e-con e-parent\" data-id=\"dc1295c\" data-element_type=\"container\" data-e-type=\"container\">\n\t\t\t\t\t<div class=\"e-con-inner\">\n\t\t\t\t<div class=\"elementor-element elementor-element-ec6080a elementor-widget elementor-widget-heading\" data-id=\"ec6080a\" data-element_type=\"widget\" data-e-type=\"widget\" data-widget_type=\"heading.default\">\n\t\t\t\t<div class=\"elementor-widget-container\">\n\t\t\t\t\t<h2 class=\"elementor-heading-title elementor-size-default\">Conseil des Guin\u00e9ens de l\u2019Etranger-italy ( CGE-italy)\n<\/h2>\t\t\t\t<\/div>\n\t\t\t\t<\/div>\n\t\t\t\t\t<\/div>\n\t\t\t\t<\/div>\n\t\t<div class=\"elementor-element elementor-element-b4125a5 e-flex e-con-boxed e-con e-parent\" data-id=\"b4125a5\" data-element_type=\"container\" data-e-type=\"container\">\n\t\t\t\t\t<div class=\"e-con-inner\">\n\t\t\t\t<div class=\"elementor-element elementor-element-40f9dda elementor-widget elementor-widget-text-editor\" data-id=\"40f9dda\" data-element_type=\"widget\" data-e-type=\"widget\" data-widget_type=\"text-editor.default\">\n\t\t\t\t<div class=\"elementor-widget-container\">\n\t\t\t\t\t\t\t\t\t<p>Le Conseil des Guin\u00e9ens de l\u2019Etranger (CGE-italy) est un organe consultatif, de statut associatif, non- partisan, non discriminatoire et \u00e0 but non lucratif.<br \/>Cree le Samedi 28 Avril 2018 \u00e0 roma sous la haute autorit\u00e9 de Son Excellence Mr cherif diallo, ambassadeur pl\u00e9nipotentiaire de la Guinee \u00e0 dans la juridiction de Rome italiy<br \/><em><strong>Objectifs<\/strong><\/em><br \/>Le CGE a pour Objectif:<br \/>Etablir une relation de confiance entre guin\u00e9ens de l\u2019\u00e9tranger d\u2019une part et l\u2019\u00c9tat Guin\u00e9en d\u2019autre part pour une meilleure gestion de la diaspora.<br \/>Promouvoir et diffuser un environnement juridique favorable aux investissements des guin\u00e9ens de l\u2019\u00e9tranger.<br \/>Promouvoir la coop\u00e9ration non gouvernementale (co-d\u00e9veloppement, coop\u00e9ration d\u00e9centralis\u00e9e, mouvements associatifs, migration et d\u00e9veloppement, etc.)<br \/>Encourager l\u2019investissement productif de la diaspora via les transferts de fonds<br \/>Contribuer \u00e0 la prise en compte des apports positifs de la migration dans les politiques nationales<br \/>Repr\u00e9senter les Guin\u00e9ens dans la juridiction de Rome aupr\u00e8s des instances et des institutions Guin\u00e9ennes et europeens<br \/>Prot\u00e9ger et d\u00e9fendre les int\u00e9r\u00eats mat\u00e9riels et moraux des Guin\u00e9ens de la juridiction de ROME<br \/>Rassembler tous les ressortissants Guin\u00e9ens r\u00e9sidant dans la juridiction de Rome sans distinction d\u2019origine r\u00e9gionale, ethnique, religieuse, sociale, de sexe et de profession<br \/>Promouvoir l\u2019union et la solidarit\u00e9 entre les Guin\u00e9ens de la juridiction de ROME<br \/>Porter l\u2019assistance aux Guin\u00e9ens des la juridiction de Rome. Susciter leur contribution au d\u00e9veloppement \u00e9conomique<\/p>\t\t\t\t\t\t\t\t<\/div>\n\t\t\t\t<\/div>\n\t\t\t\t\t<\/div>\n\t\t\t\t<\/div>\n\t\t<div class=\"elementor-element elementor-element-df95993 e-flex e-con-boxed e-con e-parent\" data-id=\"df95993\" data-element_type=\"container\" data-e-type=\"container\">\n\t\t\t\t\t<div class=\"e-con-inner\">\n\t\t\t\t<div class=\"elementor-element elementor-element-0249365 elementor-widget-divider--view-line elementor-widget elementor-widget-divider\" data-id=\"0249365\" data-element_type=\"widget\" data-e-type=\"widget\" data-widget_type=\"divider.default\">\n\t\t\t\t<div class=\"elementor-widget-container\">\n\t\t\t\t\t\t\t<div class=\"elementor-divider\">\n\t\t\t<span class=\"elementor-divider-separator\">\n\t\t\t\t\t\t<\/span>\n\t\t<\/div>\n\t\t\t\t\t\t<\/div>\n\t\t\t\t<\/div>\n\t\t\t\t\t<\/div>\n\t\t\t\t<\/div>\n\t\t<div class=\"elementor-element elementor-element-37cad1f e-flex e-con-boxed e-con e-parent\" data-id=\"37cad1f\" data-element_type=\"container\" data-e-type=\"container\">\n\t\t\t\t\t<div class=\"e-con-inner\">\n\t\t\t\t<div class=\"elementor-element elementor-element-5ea280b elementor-widget elementor-widget-wpforms\" data-id=\"5ea280b\" data-element_type=\"widget\" data-e-type=\"widget\" data-widget_type=\"wpforms.default\">\n\t\t\t\t<div class=\"elementor-widget-container\">\n\t\t\t\t\t<div class=\"wpforms-container \" id=\"wpforms-1733\"><form id=\"wpforms-form-1733\" class=\"wpforms-validate wpforms-form wpforms-ajax-form\" data-formid=\"1733\" method=\"post\" enctype=\"multipart\/form-data\" action=\"\/it\/wp-json\/wp\/v2\/pages\/1582\" data-token=\"1b7c4cd08afaa76b1f7a90fb9137e8b8\" data-token-time=\"1778087682\"><noscript class=\"wpforms-error-noscript\">Abilita JavaScript nel browser per completare questo modulo.<\/noscript><div class=\"wpforms-field-container\"><div id=\"wpforms-1733-field_0-container\" class=\"wpforms-field wpforms-field-name\" data-field-id=\"0\"><label class=\"wpforms-field-label\">Nom <span class=\"wpforms-required-label\">*<\/span><\/label><div class=\"wpforms-field-row wpforms-field-medium\"><div class=\"wpforms-field-row-block wpforms-first wpforms-one-half\"><input type=\"text\" id=\"wpforms-1733-field_0\" class=\"wpforms-field-name-first wpforms-field-required\" name=\"wpforms[fields][0][first]\" required><label for=\"wpforms-1733-field_0\" class=\"wpforms-field-sublabel after\">Nome<\/label><\/div><div class=\"wpforms-field-row-block wpforms-one-half\"><input type=\"text\" id=\"wpforms-1733-field_0-last\" class=\"wpforms-field-name-last wpforms-field-required\" name=\"wpforms[fields][0][last]\" required><label for=\"wpforms-1733-field_0-last\" class=\"wpforms-field-sublabel after\">Cognome<\/label><\/div><\/div><\/div><div id=\"wpforms-1733-field_1-container\" class=\"wpforms-field wpforms-field-email\" data-field-id=\"1\"><label class=\"wpforms-field-label\" for=\"wpforms-1733-field_1\">E-mail <span class=\"wpforms-required-label\">*<\/span><\/label><input type=\"email\" id=\"wpforms-1733-field_1\" class=\"wpforms-field-medium wpforms-field-required\" name=\"wpforms[fields][1]\" spellcheck=\"false\" required><\/div><div id=\"wpforms-1733-field_3-container\" class=\"wpforms-field wpforms-field-number\" data-field-id=\"3\"><label class=\"wpforms-field-label\" for=\"wpforms-1733-field_3\">Votre Numero de Telephone <span class=\"wpforms-required-label\">*<\/span><\/label><input type=\"number\" id=\"wpforms-1733-field_3\" class=\"wpforms-field-medium wpforms-field-required\" name=\"wpforms[fields][3]\" step=\"any\" required><\/div><div id=\"wpforms-1733-field_2-container\" class=\"wpforms-field wpforms-field-textarea\" data-field-id=\"2\"><label class=\"wpforms-field-label\" for=\"wpforms-1733-field_2\">Commentaire ou message<\/label><textarea id=\"wpforms-1733-field_2\" class=\"wpforms-field-medium\" name=\"wpforms[fields][2]\" ><\/textarea><\/div><\/div><!-- .wpforms-field-container --><div class=\"wpforms-submit-container\" ><input type=\"hidden\" name=\"wpforms[id]\" value=\"1733\"><input type=\"hidden\" name=\"page_title\" value=\"\"><input type=\"hidden\" name=\"page_url\" value=\"https:\/\/cgeitalie.com\/it\/wp-json\/wp\/v2\/pages\/1582\"><input type=\"hidden\" name=\"url_referer\" value=\"\"><button type=\"submit\" name=\"wpforms[submit]\" id=\"wpforms-submit-1733\" class=\"wpforms-submit\" data-alt-text=\"Envoi...\" data-submit-text=\"Envoyer\" aria-live=\"assertive\" value=\"wpforms-submit\">Envoyer<\/button><img decoding=\"async\" src=\"https:\/\/cgeitalie.com\/wp-content\/plugins\/wpforms-lite\/assets\/images\/submit-spin.svg\" class=\"wpforms-submit-spinner\" style=\"display: none;\" width=\"26\" height=\"26\" alt=\"Caricamento\"><\/div><\/form><\/div>  <!-- .wpforms-container -->\t\t\t\t<\/div>\n\t\t\t\t<\/div>\n\t\t\t\t\t<\/div>\n\t\t\t\t<\/div>\n\t\t\t\t<\/div>\n\t\t","protected":false},"excerpt":{"rendered":"<p>Conseil des Guin\u00e9ens de l\u2019Etranger-italy ( CGE-italy) Le Conseil des Guin\u00e9ens de l\u2019Etranger (CGE-italy) est un organe consultatif, de statut associatif, non- partisan, non discriminatoire et \u00e0 but non lucratif.Cree le Samedi 28 Avril 2018 \u00e0 roma sous la haute autorit\u00e9 de Son Excellence Mr cherif diallo, ambassadeur pl\u00e9nipotentiaire de la Guinee \u00e0 dans la [&hellip;]<\/p>\n","protected":false},"author":1,"featured_media":0,"parent":0,"menu_order":0,"comment_status":"closed","ping_status":"closed","template":"","meta":{"content-type":"","om_disable_all_campaigns":false,"_uf_show_specific_survey":0,"_uf_disable_surveys":false,"footnotes":""},"class_list":["post-1582","page","type-page","status-publish","hentry"],"blocksy_meta":[],"aioseo_notices":[],"_links":{"self":[{"href":"https:\/\/cgeitalie.com\/it\/wp-json\/wp\/v2\/pages\/1582","targetHints":{"allow":["GET"]}}],"collection":[{"href":"https:\/\/cgeitalie.com\/it\/wp-json\/wp\/v2\/pages"}],"about":[{"href":"https:\/\/cgeitalie.com\/it\/wp-json\/wp\/v2\/types\/page"}],"author":[{"embeddable":true,"href":"https:\/\/cgeitalie.com\/it\/wp-json\/wp\/v2\/users\/1"}],"replies":[{"embeddable":true,"href":"https:\/\/cgeitalie.com\/it\/wp-json\/wp\/v2\/comments?post=1582"}],"version-history":[{"count":26,"href":"https:\/\/cgeitalie.com\/it\/wp-json\/wp\/v2\/pages\/1582\/revisions"}],"predecessor-version":[{"id":1797,"href":"https:\/\/cgeitalie.com\/it\/wp-json\/wp\/v2\/pages\/1582\/revisions\/1797"}],"wp:attachment":[{"href":"https:\/\/cgeitalie.com\/it\/wp-json\/wp\/v2\/media?parent=1582"}],"curies":[{"name":"wp","href":"https:\/\/api.w.org\/{rel}","templated":true}]}}